{"id":231,"date":"2023-09-06T22:15:13","date_gmt":"2023-09-06T22:15:13","guid":{"rendered":"https:\/\/drive-marketing.info\/?page_id=231"},"modified":"2024-08-14T10:22:22","modified_gmt":"2024-08-14T10:22:22","slug":"elementor-231","status":"publish","type":"page","link":"https:\/\/drive-marketing.info\/?page_id=231","title":{"rendered":"Bewerbung"},"content":{"rendered":"\t\t<div data-elementor-type=\"wp-page\" data-elementor-id=\"231\" class=\"elementor elementor-231\" data-elementor-post-type=\"page\">\n\t\t\t\t<div class=\"elementor-element elementor-element-f525165 e-con-full e-flex e-con e-parent\" data-id=\"f525165\" data-element_type=\"container\">\n\t\t\t\t<div class=\"elementor-element elementor-element-7b0b81c elementor-widget elementor-widget-image\" data-id=\"7b0b81c\" data-element_type=\"widget\" data-widget_type=\"image.default\">\n\t\t\t\t<div class=\"elementor-widget-container\">\n\t\t\t\t\t\t\t\t\t\t\t\t\t\t\t<img fetchpriority=\"high\" decoding=\"async\" width=\"1920\" height=\"640\" src=\"https:\/\/drive-marketing.info\/wp-content\/uploads\/2023\/09\/Banner-Bild-Bewerbung1.jpg\" class=\"attachment-full size-full wp-image-237\" alt=\"\" srcset=\"https:\/\/drive-marketing.info\/wp-content\/uploads\/2023\/09\/Banner-Bild-Bewerbung1.jpg 1920w, https:\/\/drive-marketing.info\/wp-content\/uploads\/2023\/09\/Banner-Bild-Bewerbung1-300x100.jpg 300w, https:\/\/drive-marketing.info\/wp-content\/uploads\/2023\/09\/Banner-Bild-Bewerbung1-1024x341.jpg 1024w, https:\/\/drive-marketing.info\/wp-content\/uploads\/2023\/09\/Banner-Bild-Bewerbung1-768x256.jpg 768w, https:\/\/drive-marketing.info\/wp-content\/uploads\/2023\/09\/Banner-Bild-Bewerbung1-1536x512.jpg 1536w\" sizes=\"(max-width: 1920px) 100vw, 1920px\" \/>\t\t\t\t\t\t\t\t\t\t\t\t\t\t\t<\/div>\n\t\t\t\t<\/div>\n\t\t\t\t<\/div>\n\t\t<div class=\"elementor-element elementor-element-7ce9dff e-flex e-con-boxed e-con e-parent\" data-id=\"7ce9dff\" data-element_type=\"container\">\n\t\t\t\t\t<div class=\"e-con-inner\">\n\t\t\t\t<div class=\"elementor-element elementor-element-58ff406 elementor-widget elementor-widget-spacer\" data-id=\"58ff406\" data-element_type=\"widget\" data-widget_type=\"spacer.default\">\n\t\t\t\t<div class=\"elementor-widget-container\">\n\t\t\t\t\t\t\t<div class=\"elementor-spacer\">\n\t\t\t<div class=\"elementor-spacer-inner\"><\/div>\n\t\t<\/div>\n\t\t\t\t\t\t<\/div>\n\t\t\t\t<\/div>\n\t\t\t\t\t<\/div>\n\t\t\t\t<\/div>\n\t\t<div class=\"elementor-element elementor-element-4f0426d elementor-hidden-mobile e-flex e-con-boxed e-con e-parent\" data-id=\"4f0426d\" data-element_type=\"container\">\n\t\t\t\t\t<div class=\"e-con-inner\">\n\t\t\t\t<div class=\"elementor-element elementor-element-e8fbf99 elementor-widget elementor-widget-text-editor\" data-id=\"e8fbf99\" data-element_type=\"widget\" data-widget_type=\"text-editor.default\">\n\t\t\t\t<div class=\"elementor-widget-container\">\n\t\t\t\t\t\t\t\t\t<h2><strong><span style=\"color: #abcb59;\">Bewerbungsformular<\/span><\/strong><\/h2>\t\t\t\t\t\t\t\t<\/div>\n\t\t\t\t<\/div>\n\t\t\t\t\t<\/div>\n\t\t\t\t<\/div>\n\t\t<div class=\"elementor-element elementor-element-66d60d2 elementor-hidden-desktop elementor-hidden-tablet e-flex e-con-boxed e-con e-parent\" data-id=\"66d60d2\" data-element_type=\"container\">\n\t\t\t\t\t<div class=\"e-con-inner\">\n\t\t\t\t<div class=\"elementor-element elementor-element-310e51a elementor-widget elementor-widget-text-editor\" data-id=\"310e51a\" data-element_type=\"widget\" data-widget_type=\"text-editor.default\">\n\t\t\t\t<div class=\"elementor-widget-container\">\n\t\t\t\t\t\t\t\t\t<h3><strong><span style=\"color: #abcb59;\">Bewerbungsformular<\/span><\/strong><\/h3>\t\t\t\t\t\t\t\t<\/div>\n\t\t\t\t<\/div>\n\t\t\t\t\t<\/div>\n\t\t\t\t<\/div>\n\t\t<div class=\"elementor-element elementor-element-25b96d3 e-flex e-con-boxed e-con e-parent\" data-id=\"25b96d3\" data-element_type=\"container\">\n\t\t\t\t\t<div class=\"e-con-inner\">\n\t\t\t\t<div class=\"elementor-element elementor-element-ab81195 elementor-button-align-start elementor-widget elementor-widget-form\" data-id=\"ab81195\" data-element_type=\"widget\" data-settings=\"{&quot;step_next_label&quot;:&quot;N\\u00e4chster&quot;,&quot;step_previous_label&quot;:&quot;Voriger&quot;,&quot;step_type&quot;:&quot;number_text&quot;,&quot;step_icon_shape&quot;:&quot;circle&quot;}\" data-widget_type=\"form.default\">\n\t\t\t\t<div class=\"elementor-widget-container\">\n\t\t\t\t\t\t\t<form class=\"elementor-form\" method=\"post\" name=\"Bewerbungsformular\">\n\t\t\t<input type=\"hidden\" name=\"post_id\" value=\"231\"\/>\n\t\t\t<input type=\"hidden\" name=\"form_id\" value=\"ab81195\"\/>\n\t\t\t<input type=\"hidden\" name=\"referer_title\" value=\"Bewerbung - Drive-Marketing.info\" \/>\n\n\t\t\t\t\t\t\t<input type=\"hidden\" name=\"queried_id\" value=\"231\"\/>\n\t\t\t\n\t\t\t<div class=\"elementor-form-fields-wrapper elementor-labels-above\">\n\t\t\t\t\t\t\t\t<div class=\"elementor-field-type-text elementor-field-group elementor-column elementor-field-group-name elementor-col-40 elementor-field-required\">\n\t\t\t\t\t\t\t\t\t\t\t\t\t<input size=\"1\" type=\"text\" name=\"form_fields[name]\" id=\"form-field-name\" class=\"elementor-field elementor-size-sm  elementor-field-textual\" placeholder=\"Position*\" required=\"required\">\n\t\t\t\t\t\t\t\t\t\t\t<\/div>\n\t\t\t\t\t\t\t\t<div class=\"elementor-field-type-text elementor-field-group elementor-column elementor-field-group-email elementor-col-40 elementor-field-required\">\n\t\t\t\t\t\t\t\t\t\t\t\t\t<input size=\"1\" type=\"text\" name=\"form_fields[email]\" id=\"form-field-email\" class=\"elementor-field elementor-size-sm  elementor-field-textual\" placeholder=\"Nachname, Vorname*\" required=\"required\">\n\t\t\t\t\t\t\t\t\t\t\t<\/div>\n\t\t\t\t\t\t\t\t<div class=\"elementor-field-type-text elementor-field-group elementor-column elementor-field-group-message elementor-col-40 elementor-field-required\">\n\t\t\t\t\t\t\t\t\t\t\t\t\t<input size=\"1\" type=\"text\" name=\"form_fields[message]\" id=\"form-field-message\" class=\"elementor-field elementor-size-sm  elementor-field-textual\" placeholder=\"Stra\u00dfe, Hausnummer*\" required=\"required\">\n\t\t\t\t\t\t\t\t\t\t\t<\/div>\n\t\t\t\t\t\t\t\t<div class=\"elementor-field-type-text elementor-field-group elementor-column elementor-field-group-field_1bc3503 elementor-col-40 elementor-field-required\">\n\t\t\t\t\t\t\t\t\t\t\t\t\t<input size=\"1\" type=\"text\" name=\"form_fields[field_1bc3503]\" id=\"form-field-field_1bc3503\" class=\"elementor-field elementor-size-sm  elementor-field-textual\" placeholder=\"PLZ, Ort*\" required=\"required\">\n\t\t\t\t\t\t\t\t\t\t\t<\/div>\n\t\t\t\t\t\t\t\t<div class=\"elementor-field-type-tel elementor-field-group elementor-column elementor-field-group-field_b0a229b elementor-col-40\">\n\t\t\t\t\t\t\t<input size=\"1\" type=\"tel\" name=\"form_fields[field_b0a229b]\" id=\"form-field-field_b0a229b\" class=\"elementor-field elementor-size-sm  elementor-field-textual\" placeholder=\"Telefon\" pattern=\"[0-9()#&amp;+*-=.]+\" title=\"Nur Nummern oder Telefon-Zeichen (#, -, *, etc) werden akzeptiert.\">\n\n\t\t\t\t\t\t<\/div>\n\t\t\t\t\t\t\t\t<div class=\"elementor-field-type-email elementor-field-group elementor-column elementor-field-group-field_035ae7a elementor-col-40 elementor-field-required\">\n\t\t\t\t\t\t\t\t\t\t\t\t\t<input size=\"1\" type=\"email\" name=\"form_fields[field_035ae7a]\" id=\"form-field-field_035ae7a\" class=\"elementor-field elementor-size-sm  elementor-field-textual\" placeholder=\"E-Mail*\" required=\"required\">\n\t\t\t\t\t\t\t\t\t\t\t<\/div>\n\t\t\t\t\t\t\t\t<div class=\"elementor-field-type-textarea elementor-field-group elementor-column elementor-field-group-field_5391f4e elementor-col-80\">\n\t\t\t\t\t<textarea class=\"elementor-field-textual elementor-field  elementor-size-sm\" name=\"form_fields[field_5391f4e]\" id=\"form-field-field_5391f4e\" rows=\"10\" placeholder=\"Ihre Nachricht\"><\/textarea>\t\t\t\t<\/div>\n\t\t\t\t\t\t\t\t<div class=\"elementor-field-type-upload elementor-field-group elementor-column elementor-field-group-field_3c002e1 elementor-col-100\">\n\t\t\t\t\t\t\t<input type=\"file\" name=\"form_fields[field_3c002e1][]\" id=\"form-field-field_3c002e1\" class=\"elementor-field elementor-size-sm  elementor-upload-field\" multiple=\"multiple\" data-maxsize=\"5\" data-maxsize-message=\"Diese Datei \u00fcbersteigt die maximale Dateigr\u00f6\u00dfe\">\n\n\t\t\t\t\t\t<\/div>\n\t\t\t\t\t\t\t\t<div class=\"elementor-field-type-acceptance elementor-field-group elementor-column elementor-field-group-field_77c7df2 elementor-col-100 elementor-field-required\">\n\t\t\t\t\t\t\t<div class=\"elementor-field-subgroup\">\n\t\t\t<span class=\"elementor-field-option\">\n\t\t\t\t<input type=\"checkbox\" name=\"form_fields[field_77c7df2]\" id=\"form-field-field_77c7df2\" class=\"elementor-field elementor-size-sm  elementor-acceptance-field\" required=\"required\">\n\t\t\t\t<label for=\"form-field-field_77c7df2\">Die abgesendeten Daten werden nur zum Zweck der Bearbeitung Ihres Anliegens verarbeitet. Weitere Informationen finden Sie in unserer Datenschutzerkl\u00e4rung.<\/label>\t\t\t<\/span>\n\t\t<\/div>\n\t\t\t\t\t\t<\/div>\n\t\t\t\t\t\t\t\t<div class=\"elementor-field-group elementor-column elementor-field-type-submit elementor-col-100 e-form__buttons\">\n\t\t\t\t\t<button class=\"elementor-button elementor-size-sm\" type=\"submit\">\n\t\t\t\t\t\t<span class=\"elementor-button-content-wrapper\">\n\t\t\t\t\t\t\t\t\t\t\t\t\t\t\t\t\t\t\t\t\t\t<span class=\"elementor-button-text\">Senden<\/span>\n\t\t\t\t\t\t\t\t\t\t\t\t\t<\/span>\n\t\t\t\t\t<\/button>\n\t\t\t\t<\/div>\n\t\t\t<\/div>\n\t\t<\/form>\n\t\t\t\t\t\t<\/div>\n\t\t\t\t<\/div>\n\t\t\t\t<div class=\"elementor-element elementor-element-ec84b70 elementor-widget elementor-widget-spacer\" data-id=\"ec84b70\" data-element_type=\"widget\" data-widget_type=\"spacer.default\">\n\t\t\t\t<div class=\"elementor-widget-container\">\n\t\t\t\t\t\t\t<div class=\"elementor-spacer\">\n\t\t\t<div class=\"elementor-spacer-inner\"><\/div>\n\t\t<\/div>\n\t\t\t\t\t\t<\/div>\n\t\t\t\t<\/div>\n\t\t\t\t\t<\/div>\n\t\t\t\t<\/div>\n\t\t\t\t<\/div>\n\t\t","protected":false},"excerpt":{"rendered":"<p>Bewerbungsformular Bewerbungsformular<\/p>\n","protected":false},"author":1,"featured_media":0,"parent":0,"menu_order":0,"comment_status":"closed","ping_status":"closed","template":"","meta":{"footnotes":""},"class_list":["post-231","page","type-page","status-publish","hentry"],"yoast_head":"<!-- This site is optimized with the Yoast SEO plugin v26.6 - https:\/\/yoast.com\/wordpress\/plugins\/seo\/ -->\n<title>Bewerbung - Drive-Marketing.info<\/title>\n<meta name=\"robots\" content=\"index, follow, max-snippet:-1, max-image-preview:large, max-video-preview:-1\" \/>\n<link rel=\"canonical\" href=\"https:\/\/drive-marketing.info\/?page_id=231\" \/>\n<meta property=\"og:locale\" content=\"de_DE\" \/>\n<meta property=\"og:type\" content=\"article\" \/>\n<meta property=\"og:title\" content=\"Bewerbung - Drive-Marketing.info\" \/>\n<meta property=\"og:description\" content=\"Bewerbungsformular Bewerbungsformular\" \/>\n<meta property=\"og:url\" content=\"https:\/\/drive-marketing.info\/?page_id=231\" \/>\n<meta property=\"og:site_name\" content=\"Drive-Marketing.info\" \/>\n<meta property=\"article:modified_time\" content=\"2024-08-14T10:22:22+00:00\" \/>\n<meta property=\"og:image\" content=\"https:\/\/drive-marketing.info\/wp-content\/uploads\/2023\/09\/Banner-Bild-Bewerbung1.jpg\" \/>\n<meta name=\"twitter:card\" content=\"summary_large_image\" \/>\n<meta name=\"twitter:label1\" content=\"Gesch\u00e4tzte Lesezeit\" \/>\n\t<meta name=\"twitter:data1\" content=\"1\u00a0Minute\" \/>\n<script type=\"application\/ld+json\" class=\"yoast-schema-graph\">{\"@context\":\"https:\/\/schema.org\",\"@graph\":[{\"@type\":\"WebPage\",\"@id\":\"https:\/\/drive-marketing.info\/?page_id=231\",\"url\":\"https:\/\/drive-marketing.info\/?page_id=231\",\"name\":\"Bewerbung - Drive-Marketing.info\",\"isPartOf\":{\"@id\":\"https:\/\/drive-marketing.info\/#website\"},\"primaryImageOfPage\":{\"@id\":\"https:\/\/drive-marketing.info\/?page_id=231#primaryimage\"},\"image\":{\"@id\":\"https:\/\/drive-marketing.info\/?page_id=231#primaryimage\"},\"thumbnailUrl\":\"https:\/\/drive-marketing.info\/wp-content\/uploads\/2023\/09\/Banner-Bild-Bewerbung1.jpg\",\"datePublished\":\"2023-09-06T22:15:13+00:00\",\"dateModified\":\"2024-08-14T10:22:22+00:00\",\"breadcrumb\":{\"@id\":\"https:\/\/drive-marketing.info\/?page_id=231#breadcrumb\"},\"inLanguage\":\"de\",\"potentialAction\":[{\"@type\":\"ReadAction\",\"target\":[\"https:\/\/drive-marketing.info\/?page_id=231\"]}]},{\"@type\":\"ImageObject\",\"inLanguage\":\"de\",\"@id\":\"https:\/\/drive-marketing.info\/?page_id=231#primaryimage\",\"url\":\"https:\/\/drive-marketing.info\/wp-content\/uploads\/2023\/09\/Banner-Bild-Bewerbung1.jpg\",\"contentUrl\":\"https:\/\/drive-marketing.info\/wp-content\/uploads\/2023\/09\/Banner-Bild-Bewerbung1.jpg\",\"width\":1920,\"height\":640},{\"@type\":\"BreadcrumbList\",\"@id\":\"https:\/\/drive-marketing.info\/?page_id=231#breadcrumb\",\"itemListElement\":[{\"@type\":\"ListItem\",\"position\":1,\"name\":\"Startseite\",\"item\":\"https:\/\/drive-marketing.info\/\"},{\"@type\":\"ListItem\",\"position\":2,\"name\":\"Bewerbung\"}]},{\"@type\":\"WebSite\",\"@id\":\"https:\/\/drive-marketing.info\/#website\",\"url\":\"https:\/\/drive-marketing.info\/\",\"name\":\"Drive-Marketing.info\",\"description\":\"\",\"publisher\":{\"@id\":\"https:\/\/drive-marketing.info\/#organization\"},\"potentialAction\":[{\"@type\":\"SearchAction\",\"target\":{\"@type\":\"EntryPoint\",\"urlTemplate\":\"https:\/\/drive-marketing.info\/?s={search_term_string}\"},\"query-input\":{\"@type\":\"PropertyValueSpecification\",\"valueRequired\":true,\"valueName\":\"search_term_string\"}}],\"inLanguage\":\"de\"},{\"@type\":\"Organization\",\"@id\":\"https:\/\/drive-marketing.info\/#organization\",\"name\":\"Drive-Marketing.info\",\"url\":\"https:\/\/drive-marketing.info\/\",\"logo\":{\"@type\":\"ImageObject\",\"inLanguage\":\"de\",\"@id\":\"https:\/\/drive-marketing.info\/#\/schema\/logo\/image\/\",\"url\":\"https:\/\/drive-marketing.info\/wp-content\/uploads\/2023\/09\/V_Logo_DRIVE_4c.png\",\"contentUrl\":\"https:\/\/drive-marketing.info\/wp-content\/uploads\/2023\/09\/V_Logo_DRIVE_4c.png\",\"width\":1242,\"height\":169,\"caption\":\"Drive-Marketing.info\"},\"image\":{\"@id\":\"https:\/\/drive-marketing.info\/#\/schema\/logo\/image\/\"}}]}<\/script>\n<!-- \/ Yoast SEO plugin. -->","yoast_head_json":{"title":"Bewerbung - Drive-Marketing.info","robots":{"index":"index","follow":"follow","max-snippet":"max-snippet:-1","max-image-preview":"max-image-preview:large","max-video-preview":"max-video-preview:-1"},"canonical":"https:\/\/drive-marketing.info\/?page_id=231","og_locale":"de_DE","og_type":"article","og_title":"Bewerbung - Drive-Marketing.info","og_description":"Bewerbungsformular Bewerbungsformular","og_url":"https:\/\/drive-marketing.info\/?page_id=231","og_site_name":"Drive-Marketing.info","article_modified_time":"2024-08-14T10:22:22+00:00","og_image":[{"url":"https:\/\/drive-marketing.info\/wp-content\/uploads\/2023\/09\/Banner-Bild-Bewerbung1.jpg","type":"","width":"","height":""}],"twitter_card":"summary_large_image","twitter_misc":{"Gesch\u00e4tzte Lesezeit":"1\u00a0Minute"},"schema":{"@context":"https:\/\/schema.org","@graph":[{"@type":"WebPage","@id":"https:\/\/drive-marketing.info\/?page_id=231","url":"https:\/\/drive-marketing.info\/?page_id=231","name":"Bewerbung - Drive-Marketing.info","isPartOf":{"@id":"https:\/\/drive-marketing.info\/#website"},"primaryImageOfPage":{"@id":"https:\/\/drive-marketing.info\/?page_id=231#primaryimage"},"image":{"@id":"https:\/\/drive-marketing.info\/?page_id=231#primaryimage"},"thumbnailUrl":"https:\/\/drive-marketing.info\/wp-content\/uploads\/2023\/09\/Banner-Bild-Bewerbung1.jpg","datePublished":"2023-09-06T22:15:13+00:00","dateModified":"2024-08-14T10:22:22+00:00","breadcrumb":{"@id":"https:\/\/drive-marketing.info\/?page_id=231#breadcrumb"},"inLanguage":"de","potentialAction":[{"@type":"ReadAction","target":["https:\/\/drive-marketing.info\/?page_id=231"]}]},{"@type":"ImageObject","inLanguage":"de","@id":"https:\/\/drive-marketing.info\/?page_id=231#primaryimage","url":"https:\/\/drive-marketing.info\/wp-content\/uploads\/2023\/09\/Banner-Bild-Bewerbung1.jpg","contentUrl":"https:\/\/drive-marketing.info\/wp-content\/uploads\/2023\/09\/Banner-Bild-Bewerbung1.jpg","width":1920,"height":640},{"@type":"BreadcrumbList","@id":"https:\/\/drive-marketing.info\/?page_id=231#breadcrumb","itemListElement":[{"@type":"ListItem","position":1,"name":"Startseite","item":"https:\/\/drive-marketing.info\/"},{"@type":"ListItem","position":2,"name":"Bewerbung"}]},{"@type":"WebSite","@id":"https:\/\/drive-marketing.info\/#website","url":"https:\/\/drive-marketing.info\/","name":"Drive-Marketing.info","description":"","publisher":{"@id":"https:\/\/drive-marketing.info\/#organization"},"potentialAction":[{"@type":"SearchAction","target":{"@type":"EntryPoint","urlTemplate":"https:\/\/drive-marketing.info\/?s={search_term_string}"},"query-input":{"@type":"PropertyValueSpecification","valueRequired":true,"valueName":"search_term_string"}}],"inLanguage":"de"},{"@type":"Organization","@id":"https:\/\/drive-marketing.info\/#organization","name":"Drive-Marketing.info","url":"https:\/\/drive-marketing.info\/","logo":{"@type":"ImageObject","inLanguage":"de","@id":"https:\/\/drive-marketing.info\/#\/schema\/logo\/image\/","url":"https:\/\/drive-marketing.info\/wp-content\/uploads\/2023\/09\/V_Logo_DRIVE_4c.png","contentUrl":"https:\/\/drive-marketing.info\/wp-content\/uploads\/2023\/09\/V_Logo_DRIVE_4c.png","width":1242,"height":169,"caption":"Drive-Marketing.info"},"image":{"@id":"https:\/\/drive-marketing.info\/#\/schema\/logo\/image\/"}}]}},"_links":{"self":[{"href":"https:\/\/drive-marketing.info\/index.php?rest_route=\/wp\/v2\/pages\/231","targetHints":{"allow":["GET"]}}],"collection":[{"href":"https:\/\/drive-marketing.info\/index.php?rest_route=\/wp\/v2\/pages"}],"about":[{"href":"https:\/\/drive-marketing.info\/index.php?rest_route=\/wp\/v2\/types\/page"}],"author":[{"embeddable":true,"href":"https:\/\/drive-marketing.info\/index.php?rest_route=\/wp\/v2\/users\/1"}],"replies":[{"embeddable":true,"href":"https:\/\/drive-marketing.info\/index.php?rest_route=%2Fwp%2Fv2%2Fcomments&post=231"}],"version-history":[{"count":0,"href":"https:\/\/drive-marketing.info\/index.php?rest_route=\/wp\/v2\/pages\/231\/revisions"}],"wp:attachment":[{"href":"https:\/\/drive-marketing.info\/index.php?rest_route=%2Fwp%2Fv2%2Fmedia&parent=231"}],"curies":[{"name":"wp","href":"https:\/\/api.w.org\/{rel}","templated":true}]}}