{"id":175,"date":"2023-09-06T21:50:19","date_gmt":"2023-09-06T21:50:19","guid":{"rendered":"https:\/\/drive-marketing.info\/?page_id=175"},"modified":"2025-12-18T12:19:20","modified_gmt":"2025-12-18T12:19:20","slug":"elementor-175","status":"publish","type":"page","link":"https:\/\/drive-marketing.info\/?page_id=175","title":{"rendered":"Impressum"},"content":{"rendered":"\t\t<div data-elementor-type=\"wp-page\" data-elementor-id=\"175\" class=\"elementor elementor-175\" data-elementor-post-type=\"page\">\n\t\t\t\t<div class=\"elementor-element elementor-element-98fdcfc e-con-full e-flex e-con e-parent\" data-id=\"98fdcfc\" data-element_type=\"container\">\n\t\t\t\t<div class=\"elementor-element elementor-element-e3fe954 elementor-widget elementor-widget-image\" data-id=\"e3fe954\" data-element_type=\"widget\" data-widget_type=\"image.default\">\n\t\t\t\t<div class=\"elementor-widget-container\">\n\t\t\t\t\t\t\t\t\t\t\t\t\t\t\t<img fetchpriority=\"high\" decoding=\"async\" width=\"1920\" height=\"640\" src=\"https:\/\/drive-marketing.info\/wp-content\/uploads\/2023\/09\/Banner-Bild-Impressum1.jpg\" class=\"attachment-full size-full wp-image-212\" alt=\"\" srcset=\"https:\/\/drive-marketing.info\/wp-content\/uploads\/2023\/09\/Banner-Bild-Impressum1.jpg 1920w, https:\/\/drive-marketing.info\/wp-content\/uploads\/2023\/09\/Banner-Bild-Impressum1-300x100.jpg 300w, https:\/\/drive-marketing.info\/wp-content\/uploads\/2023\/09\/Banner-Bild-Impressum1-1024x341.jpg 1024w, https:\/\/drive-marketing.info\/wp-content\/uploads\/2023\/09\/Banner-Bild-Impressum1-768x256.jpg 768w, https:\/\/drive-marketing.info\/wp-content\/uploads\/2023\/09\/Banner-Bild-Impressum1-1536x512.jpg 1536w\" sizes=\"(max-width: 1920px) 100vw, 1920px\" \/>\t\t\t\t\t\t\t\t\t\t\t\t\t\t\t<\/div>\n\t\t\t\t<\/div>\n\t\t\t\t<\/div>\n\t\t<div class=\"elementor-element elementor-element-ca0d6cf e-flex e-con-boxed e-con e-parent\" data-id=\"ca0d6cf\" data-element_type=\"container\">\n\t\t\t\t\t<div class=\"e-con-inner\">\n\t\t\t\t<div class=\"elementor-element elementor-element-8c90f0d elementor-widget elementor-widget-spacer\" data-id=\"8c90f0d\" data-element_type=\"widget\" data-widget_type=\"spacer.default\">\n\t\t\t\t<div class=\"elementor-widget-container\">\n\t\t\t\t\t\t\t<div class=\"elementor-spacer\">\n\t\t\t<div class=\"elementor-spacer-inner\"><\/div>\n\t\t<\/div>\n\t\t\t\t\t\t<\/div>\n\t\t\t\t<\/div>\n\t\t\t\t\t<\/div>\n\t\t\t\t<\/div>\n\t\t<div class=\"elementor-element elementor-element-19b3cae e-flex e-con-boxed e-con e-parent\" data-id=\"19b3cae\" data-element_type=\"container\">\n\t\t\t\t\t<div class=\"e-con-inner\">\n\t\t\t\t<div class=\"elementor-element elementor-element-af4b7c2 elementor-widget elementor-widget-text-editor\" data-id=\"af4b7c2\" data-element_type=\"widget\" data-widget_type=\"text-editor.default\">\n\t\t\t\t<div class=\"elementor-widget-container\">\n\t\t\t\t\t\t\t\t\t<h2><strong><span style=\"color: #abcb59;\">Impressum<\/span><\/strong><\/h2>\t\t\t\t\t\t\t\t<\/div>\n\t\t\t\t<\/div>\n\t\t\t\t\t<\/div>\n\t\t\t\t<\/div>\n\t\t<div class=\"elementor-element elementor-element-6b45f15 e-flex e-con-boxed e-con e-parent\" data-id=\"6b45f15\" data-element_type=\"container\">\n\t\t\t\t\t<div class=\"e-con-inner\">\n\t\t<div class=\"elementor-element elementor-element-c5d89f9 e-con-full e-flex e-con e-child\" data-id=\"c5d89f9\" data-element_type=\"container\">\n\t\t\t\t<div class=\"elementor-element elementor-element-fb6813c elementor-widget elementor-widget-text-editor\" data-id=\"fb6813c\" data-element_type=\"widget\" data-widget_type=\"text-editor.default\">\n\t\t\t\t<div class=\"elementor-widget-container\">\n\t\t\t\t\t\t\t\t\t<p>DRIVE marketing GmbH<br \/>Schatzbogen 86<br \/>81829 M\u00fcnchen<br \/><br \/>Telefon: 089 244115011<br \/>Telefax: 089 244115012<br \/>mail@drive-marketing.info<\/p>\t\t\t\t\t\t\t\t<\/div>\n\t\t\t\t<\/div>\n\t\t\t\t<\/div>\n\t\t<div class=\"elementor-element elementor-element-36fa113 e-con-full e-flex e-con e-child\" data-id=\"36fa113\" data-element_type=\"container\">\n\t\t\t\t<div class=\"elementor-element elementor-element-c4bff12 elementor-widget elementor-widget-text-editor\" data-id=\"c4bff12\" data-element_type=\"widget\" data-widget_type=\"text-editor.default\">\n\t\t\t\t<div class=\"elementor-widget-container\">\n\t\t\t\t\t\t\t\t\t<p>Gesch\u00e4ftsf\u00fchrerin: Sarah Sofie M\u00fcller<\/p><p>HRB 234472<br \/>Sitz und Registergericht: M\u00fcnchen<\/p><p>USt-IdNr.: DE314304945<\/p><p>Bildnachweis:<br \/>\u00a9 DRIVE marketing GmbH<br \/>\u00a9 Freepik, \u00a9 Adobe Stock, \u00a9 Shutterstock<\/p>\t\t\t\t\t\t\t\t<\/div>\n\t\t\t\t<\/div>\n\t\t\t\t<\/div>\n\t\t\t\t\t<\/div>\n\t\t\t\t<\/div>\n\t\t<div class=\"elementor-element elementor-element-a5db9b9 e-flex e-con-boxed e-con e-parent\" data-id=\"a5db9b9\" data-element_type=\"container\">\n\t\t\t\t\t<div class=\"e-con-inner\">\n\t\t\t\t<div class=\"elementor-element elementor-element-4362ec2 elementor-widget elementor-widget-spacer\" data-id=\"4362ec2\" data-element_type=\"widget\" data-widget_type=\"spacer.default\">\n\t\t\t\t<div class=\"elementor-widget-container\">\n\t\t\t\t\t\t\t<div class=\"elementor-spacer\">\n\t\t\t<div class=\"elementor-spacer-inner\"><\/div>\n\t\t<\/div>\n\t\t\t\t\t\t<\/div>\n\t\t\t\t<\/div>\n\t\t\t\t\t<\/div>\n\t\t\t\t<\/div>\n\t\t\t\t<\/div>\n\t\t","protected":false},"excerpt":{"rendered":"<p>Impressum DRIVE marketing GmbHSchatzbogen 8681829 M\u00fcnchen Telefon: 089 244115011Telefax: 089 244115012mail@drive-marketing.info Gesch\u00e4ftsf\u00fchrerin: Sarah Sofie M\u00fcller HRB 234472Sitz und Registergericht: M\u00fcnchen USt-IdNr.: DE314304945 Bildnachweis:\u00a9 DRIVE marketing GmbH\u00a9 Freepik, \u00a9 Adobe Stock, \u00a9 Shutterstock<\/p>\n","protected":false},"author":1,"featured_media":0,"parent":0,"menu_order":0,"comment_status":"closed","ping_status":"closed","template":"","meta":{"footnotes":""},"class_list":["post-175","page","type-page","status-publish","hentry"],"yoast_head":"<!-- This site is optimized with the Yoast SEO plugin v26.6 - https:\/\/yoast.com\/wordpress\/plugins\/seo\/ -->\n<title>Impressum - Drive-Marketing.info<\/title>\n<meta name=\"robots\" content=\"index, follow, max-snippet:-1, max-image-preview:large, max-video-preview:-1\" \/>\n<link rel=\"canonical\" href=\"https:\/\/drive-marketing.info\/?page_id=175\" \/>\n<meta property=\"og:locale\" content=\"de_DE\" \/>\n<meta property=\"og:type\" content=\"article\" \/>\n<meta property=\"og:title\" content=\"Impressum - Drive-Marketing.info\" \/>\n<meta property=\"og:description\" content=\"Impressum DRIVE marketing GmbHSchatzbogen 8681829 M\u00fcnchen Telefon: 089 244115011Telefax: 089 244115012mail@drive-marketing.info Gesch\u00e4ftsf\u00fchrerin: Sarah Sofie M\u00fcller HRB 234472Sitz und Registergericht: M\u00fcnchen USt-IdNr.: DE314304945 Bildnachweis:\u00a9 DRIVE marketing GmbH\u00a9 Freepik, \u00a9 Adobe Stock, \u00a9 Shutterstock\" \/>\n<meta property=\"og:url\" content=\"https:\/\/drive-marketing.info\/?page_id=175\" \/>\n<meta property=\"og:site_name\" content=\"Drive-Marketing.info\" \/>\n<meta property=\"article:modified_time\" content=\"2025-12-18T12:19:20+00:00\" \/>\n<meta property=\"og:image\" content=\"https:\/\/drive-marketing.info\/wp-content\/uploads\/2023\/09\/Banner-Bild-Impressum1.jpg\" \/>\n\t<meta property=\"og:image:width\" content=\"1920\" \/>\n\t<meta property=\"og:image:height\" content=\"640\" \/>\n\t<meta property=\"og:image:type\" content=\"image\/jpeg\" \/>\n<meta name=\"twitter:card\" content=\"summary_large_image\" \/>\n<meta name=\"twitter:label1\" content=\"Gesch\u00e4tzte Lesezeit\" \/>\n\t<meta name=\"twitter:data1\" content=\"1\u00a0Minute\" \/>\n<script type=\"application\/ld+json\" class=\"yoast-schema-graph\">{\"@context\":\"https:\/\/schema.org\",\"@graph\":[{\"@type\":\"WebPage\",\"@id\":\"https:\/\/drive-marketing.info\/?page_id=175\",\"url\":\"https:\/\/drive-marketing.info\/?page_id=175\",\"name\":\"Impressum - Drive-Marketing.info\",\"isPartOf\":{\"@id\":\"https:\/\/drive-marketing.info\/#website\"},\"primaryImageOfPage\":{\"@id\":\"https:\/\/drive-marketing.info\/?page_id=175#primaryimage\"},\"image\":{\"@id\":\"https:\/\/drive-marketing.info\/?page_id=175#primaryimage\"},\"thumbnailUrl\":\"https:\/\/drive-marketing.info\/wp-content\/uploads\/2023\/09\/Banner-Bild-Impressum1.jpg\",\"datePublished\":\"2023-09-06T21:50:19+00:00\",\"dateModified\":\"2025-12-18T12:19:20+00:00\",\"breadcrumb\":{\"@id\":\"https:\/\/drive-marketing.info\/?page_id=175#breadcrumb\"},\"inLanguage\":\"de\",\"potentialAction\":[{\"@type\":\"ReadAction\",\"target\":[\"https:\/\/drive-marketing.info\/?page_id=175\"]}]},{\"@type\":\"ImageObject\",\"inLanguage\":\"de\",\"@id\":\"https:\/\/drive-marketing.info\/?page_id=175#primaryimage\",\"url\":\"https:\/\/drive-marketing.info\/wp-content\/uploads\/2023\/09\/Banner-Bild-Impressum1.jpg\",\"contentUrl\":\"https:\/\/drive-marketing.info\/wp-content\/uploads\/2023\/09\/Banner-Bild-Impressum1.jpg\",\"width\":1920,\"height\":640},{\"@type\":\"BreadcrumbList\",\"@id\":\"https:\/\/drive-marketing.info\/?page_id=175#breadcrumb\",\"itemListElement\":[{\"@type\":\"ListItem\",\"position\":1,\"name\":\"Startseite\",\"item\":\"https:\/\/drive-marketing.info\/\"},{\"@type\":\"ListItem\",\"position\":2,\"name\":\"Impressum\"}]},{\"@type\":\"WebSite\",\"@id\":\"https:\/\/drive-marketing.info\/#website\",\"url\":\"https:\/\/drive-marketing.info\/\",\"name\":\"Drive-Marketing.info\",\"description\":\"\",\"publisher\":{\"@id\":\"https:\/\/drive-marketing.info\/#organization\"},\"potentialAction\":[{\"@type\":\"SearchAction\",\"target\":{\"@type\":\"EntryPoint\",\"urlTemplate\":\"https:\/\/drive-marketing.info\/?s={search_term_string}\"},\"query-input\":{\"@type\":\"PropertyValueSpecification\",\"valueRequired\":true,\"valueName\":\"search_term_string\"}}],\"inLanguage\":\"de\"},{\"@type\":\"Organization\",\"@id\":\"https:\/\/drive-marketing.info\/#organization\",\"name\":\"Drive-Marketing.info\",\"url\":\"https:\/\/drive-marketing.info\/\",\"logo\":{\"@type\":\"ImageObject\",\"inLanguage\":\"de\",\"@id\":\"https:\/\/drive-marketing.info\/#\/schema\/logo\/image\/\",\"url\":\"https:\/\/drive-marketing.info\/wp-content\/uploads\/2023\/09\/V_Logo_DRIVE_4c.png\",\"contentUrl\":\"https:\/\/drive-marketing.info\/wp-content\/uploads\/2023\/09\/V_Logo_DRIVE_4c.png\",\"width\":1242,\"height\":169,\"caption\":\"Drive-Marketing.info\"},\"image\":{\"@id\":\"https:\/\/drive-marketing.info\/#\/schema\/logo\/image\/\"}}]}<\/script>\n<!-- \/ Yoast SEO plugin. -->","yoast_head_json":{"title":"Impressum - Drive-Marketing.info","robots":{"index":"index","follow":"follow","max-snippet":"max-snippet:-1","max-image-preview":"max-image-preview:large","max-video-preview":"max-video-preview:-1"},"canonical":"https:\/\/drive-marketing.info\/?page_id=175","og_locale":"de_DE","og_type":"article","og_title":"Impressum - Drive-Marketing.info","og_description":"Impressum DRIVE marketing GmbHSchatzbogen 8681829 M\u00fcnchen Telefon: 089 244115011Telefax: 089 244115012mail@drive-marketing.info Gesch\u00e4ftsf\u00fchrerin: Sarah Sofie M\u00fcller HRB 234472Sitz und Registergericht: M\u00fcnchen USt-IdNr.: DE314304945 Bildnachweis:\u00a9 DRIVE marketing GmbH\u00a9 Freepik, \u00a9 Adobe Stock, \u00a9 Shutterstock","og_url":"https:\/\/drive-marketing.info\/?page_id=175","og_site_name":"Drive-Marketing.info","article_modified_time":"2025-12-18T12:19:20+00:00","og_image":[{"width":1920,"height":640,"url":"https:\/\/drive-marketing.info\/wp-content\/uploads\/2023\/09\/Banner-Bild-Impressum1.jpg","type":"image\/jpeg"}],"twitter_card":"summary_large_image","twitter_misc":{"Gesch\u00e4tzte Lesezeit":"1\u00a0Minute"},"schema":{"@context":"https:\/\/schema.org","@graph":[{"@type":"WebPage","@id":"https:\/\/drive-marketing.info\/?page_id=175","url":"https:\/\/drive-marketing.info\/?page_id=175","name":"Impressum - Drive-Marketing.info","isPartOf":{"@id":"https:\/\/drive-marketing.info\/#website"},"primaryImageOfPage":{"@id":"https:\/\/drive-marketing.info\/?page_id=175#primaryimage"},"image":{"@id":"https:\/\/drive-marketing.info\/?page_id=175#primaryimage"},"thumbnailUrl":"https:\/\/drive-marketing.info\/wp-content\/uploads\/2023\/09\/Banner-Bild-Impressum1.jpg","datePublished":"2023-09-06T21:50:19+00:00","dateModified":"2025-12-18T12:19:20+00:00","breadcrumb":{"@id":"https:\/\/drive-marketing.info\/?page_id=175#breadcrumb"},"inLanguage":"de","potentialAction":[{"@type":"ReadAction","target":["https:\/\/drive-marketing.info\/?page_id=175"]}]},{"@type":"ImageObject","inLanguage":"de","@id":"https:\/\/drive-marketing.info\/?page_id=175#primaryimage","url":"https:\/\/drive-marketing.info\/wp-content\/uploads\/2023\/09\/Banner-Bild-Impressum1.jpg","contentUrl":"https:\/\/drive-marketing.info\/wp-content\/uploads\/2023\/09\/Banner-Bild-Impressum1.jpg","width":1920,"height":640},{"@type":"BreadcrumbList","@id":"https:\/\/drive-marketing.info\/?page_id=175#breadcrumb","itemListElement":[{"@type":"ListItem","position":1,"name":"Startseite","item":"https:\/\/drive-marketing.info\/"},{"@type":"ListItem","position":2,"name":"Impressum"}]},{"@type":"WebSite","@id":"https:\/\/drive-marketing.info\/#website","url":"https:\/\/drive-marketing.info\/","name":"Drive-Marketing.info","description":"","publisher":{"@id":"https:\/\/drive-marketing.info\/#organization"},"potentialAction":[{"@type":"SearchAction","target":{"@type":"EntryPoint","urlTemplate":"https:\/\/drive-marketing.info\/?s={search_term_string}"},"query-input":{"@type":"PropertyValueSpecification","valueRequired":true,"valueName":"search_term_string"}}],"inLanguage":"de"},{"@type":"Organization","@id":"https:\/\/drive-marketing.info\/#organization","name":"Drive-Marketing.info","url":"https:\/\/drive-marketing.info\/","logo":{"@type":"ImageObject","inLanguage":"de","@id":"https:\/\/drive-marketing.info\/#\/schema\/logo\/image\/","url":"https:\/\/drive-marketing.info\/wp-content\/uploads\/2023\/09\/V_Logo_DRIVE_4c.png","contentUrl":"https:\/\/drive-marketing.info\/wp-content\/uploads\/2023\/09\/V_Logo_DRIVE_4c.png","width":1242,"height":169,"caption":"Drive-Marketing.info"},"image":{"@id":"https:\/\/drive-marketing.info\/#\/schema\/logo\/image\/"}}]}},"_links":{"self":[{"href":"https:\/\/drive-marketing.info\/index.php?rest_route=\/wp\/v2\/pages\/175","targetHints":{"allow":["GET"]}}],"collection":[{"href":"https:\/\/drive-marketing.info\/index.php?rest_route=\/wp\/v2\/pages"}],"about":[{"href":"https:\/\/drive-marketing.info\/index.php?rest_route=\/wp\/v2\/types\/page"}],"author":[{"embeddable":true,"href":"https:\/\/drive-marketing.info\/index.php?rest_route=\/wp\/v2\/users\/1"}],"replies":[{"embeddable":true,"href":"https:\/\/drive-marketing.info\/index.php?rest_route=%2Fwp%2Fv2%2Fcomments&post=175"}],"version-history":[{"count":3,"href":"https:\/\/drive-marketing.info\/index.php?rest_route=\/wp\/v2\/pages\/175\/revisions"}],"predecessor-version":[{"id":3008,"href":"https:\/\/drive-marketing.info\/index.php?rest_route=\/wp\/v2\/pages\/175\/revisions\/3008"}],"wp:attachment":[{"href":"https:\/\/drive-marketing.info\/index.php?rest_route=%2Fwp%2Fv2%2Fmedia&parent=175"}],"curies":[{"name":"wp","href":"https:\/\/api.w.org\/{rel}","templated":true}]}}